{"id":164,"date":"2026-03-30T19:48:26","date_gmt":"2026-03-30T19:48:26","guid":{"rendered":"https:\/\/www.photolivres.fr\/?page_id=164"},"modified":"2026-04-14T19:52:37","modified_gmt":"2026-04-14T19:52:37","slug":"bibliotheque","status":"publish","type":"page","link":"https:\/\/www.photolivres.fr\/index.php\/bibliotheque\/","title":{"rendered":"Biblioth\u00e9que"},"content":{"rendered":"\t\t<div data-elementor-type=\"wp-page\" data-elementor-id=\"164\" class=\"elementor elementor-164\">\n\t\t\t\t<div class=\"elementor-element elementor-element-592a9b6 e-flex e-con-boxed e-con e-parent\" data-id=\"592a9b6\" data-element_type=\"container\" data-e-type=\"container\">\n\t\t\t\t\t<div class=\"e-con-inner\">\n\t\t\t\t<div class=\"elementor-element elementor-element-1b5416b elementor-widget elementor-widget-heading\" data-id=\"1b5416b\" data-element_type=\"widget\" data-e-type=\"widget\" data-widget_type=\"heading.default\">\n\t\t\t\t\t<h2 class=\"elementor-heading-title elementor-size-default\">BIBLIOTH\u00c8QUE<\/h2>\t\t\t\t<\/div>\n\t\t\t\t\t<\/div>\n\t\t\t\t<\/div>\n\t\t<div class=\"elementor-element elementor-element-c6c6cdc e-flex e-con-boxed e-con e-parent\" data-id=\"c6c6cdc\" data-element_type=\"container\" data-e-type=\"container\">\n\t\t\t\t\t<div class=\"e-con-inner\">\n\t\t\t\t<div class=\"elementor-element elementor-element-10bd54d elementor-widget-divider--view-line elementor-widget elementor-widget-divider\" data-id=\"10bd54d\" data-element_type=\"widget\" data-e-type=\"widget\" data-widget_type=\"divider.default\">\n\t\t\t\t\t\t\t<div class=\"elementor-divider\">\n\t\t\t<span class=\"elementor-divider-separator\">\n\t\t\t\t\t\t<\/span>\n\t\t<\/div>\n\t\t\t\t\t\t<\/div>\n\t\t\t\t\t<\/div>\n\t\t\t\t<\/div>\n\t\t<div class=\"elementor-element elementor-element-81cf189 e-flex e-con-boxed e-con e-parent\" data-id=\"81cf189\" data-element_type=\"container\" data-e-type=\"container\">\n\t\t\t\t\t<div class=\"e-con-inner\">\n\t\t\t\t<div class=\"elementor-element elementor-element-4a6b37a elementor-widget elementor-widget-text-editor\" data-id=\"4a6b37a\" data-element_type=\"widget\" data-e-type=\"widget\" data-widget_type=\"text-editor.default\">\n\t\t\t\t\t\t\t\t\t<p class=\"p1\">La Biblioth\u00e8que g\u00e9n\u00e9rale de LA PHOTO PAR LES LIVRES se veut ouverte, contemporaine, \u00e9quilibr\u00e9e, vari\u00e9e, inclusive et internationale. Elle\u00a0 correspond \u00e0 la somme des int\u00e9r\u00eats et des exigences, notamment didactiques, des membres actifs de l\u2019association et ne saurait avoir vocation \u00e0 contenir tous les livres. Elle est appel\u00e9e \u00e0 s\u2019enrichir de diverses mani\u00e8res, notamment gr\u00e2ce aux dons directs d\u2019auteurs, d\u2019\u00e9diteurs ou de collectionneurs. Chaque livre re\u00e7u fait l\u2019objet d\u2019une attention particuli\u00e8re et soutenue de la part de l\u2019\u00e9quipe active de l\u2019association; il rejoint ensuite soit la biblioth\u00e8que \u00aben circulation\u00bb, soit \u00abla r\u00e9serve\u00bb. Celle-ci est un fond dont les livres sont appel\u00e9s \u00e0 \u00eatre mis en circulation ult\u00e9rieurement ou \u00e0 \u00eatre donn\u00e9s \u00e0 des structures partenaires ou \u00e0 des particuliers lors d\u2019ateliers.<\/p>\t\t\t\t\t\t\t\t<\/div>\n\t\t\t\t\t<\/div>\n\t\t\t\t<\/div>\n\t\t<div class=\"elementor-element elementor-element-4b066d6 e-flex e-con-boxed e-con e-parent\" data-id=\"4b066d6\" data-element_type=\"container\" data-e-type=\"container\">\n\t\t\t\t\t<div class=\"e-con-inner\">\n\t\t\t\t<div class=\"elementor-element elementor-element-866adcc elementor-grid-eael-col-4 elementor-grid-tablet-eael-col-2 elementor-grid-mobile-eael-col-1 elementor-widget elementor-widget-eael-post-grid\" data-id=\"866adcc\" data-element_type=\"widget\" data-e-type=\"widget\" data-settings=\"{&quot;eael_post_grid_columns&quot;:&quot;eael-col-4&quot;,&quot;eael_post_grid_columns_tablet&quot;:&quot;eael-col-2&quot;,&quot;eael_post_grid_columns_mobile&quot;:&quot;eael-col-1&quot;}\" data-widget_type=\"eael-post-grid.default\">\n\t\t\t\t\t<div id=\"eael-post-grid-866adcc\" class=\"eael-post-grid-container\">\n            <div class=\"eael-post-grid eael-post-appender eael-post-appender-866adcc eael-post-grid-style-default\" data-layout-mode=\"masonry\"><article class=\"eael-grid-post eael-post-grid-column eael-pg-post-221\" data-id=\"221\">\n        <div class=\"eael-grid-post-holder\">\n            <div class=\"eael-grid-post-holder-inner\"><div class=\"eael-entry-wrapper\"><header class=\"eael-entry-header\"><h2 class=\"eael-entry-title\"><a\n                        class=\"eael-grid-post-link\"\n                        href=\"https:\/\/www.photolivres.fr\/index.php\/livres\/migrant-marseille\/\"\n                        title=\"Migrant Marseille\">Migrant Marseille<\/a><\/h2><\/header><\/div><div class=\"eael-entry-media\"><div class=\"eael-entry-overlay fade-in\"><i class=\"fas fa-long-arrow-alt-right\" aria-hidden=\"true\"><\/i><a href=\"https:\/\/www.photolivres.fr\/index.php\/livres\/migrant-marseille\/\"><\/a><\/div><div class=\"eael-entry-thumbnail \">\n                <img fetchpriority=\"high\" decoding=\"async\" width=\"222\" height=\"300\" src=\"https:\/\/www.photolivres.fr\/wp-content\/uploads\/2026\/04\/Capture-decran-2026-04-14-a-21.47.17-222x300.png\" class=\"attachment-medium size-medium wp-image-223\" alt=\"\" srcset=\"https:\/\/www.photolivres.fr\/wp-content\/uploads\/2026\/04\/Capture-decran-2026-04-14-a-21.47.17-222x300.png 222w, https:\/\/www.photolivres.fr\/wp-content\/uploads\/2026\/04\/Capture-decran-2026-04-14-a-21.47.17-759x1024.png 759w, https:\/\/www.photolivres.fr\/wp-content\/uploads\/2026\/04\/Capture-decran-2026-04-14-a-21.47.17-768x1036.png 768w, https:\/\/www.photolivres.fr\/wp-content\/uploads\/2026\/04\/Capture-decran-2026-04-14-a-21.47.17.png 790w\" sizes=\"(max-width: 222px) 100vw, 222px\" \/>\n            <\/div>\n        <\/div><\/div>\n        <\/div>\n    <\/article><article class=\"eael-grid-post eael-post-grid-column eael-pg-post-209\" data-id=\"209\">\n        <div class=\"eael-grid-post-holder\">\n            <div class=\"eael-grid-post-holder-inner\"><div class=\"eael-entry-wrapper\"><header class=\"eael-entry-header\"><h2 class=\"eael-entry-title\"><a\n                        class=\"eael-grid-post-link\"\n                        href=\"https:\/\/www.photolivres.fr\/index.php\/livres\/le-peuple-de-linterieur\/\"\n                        title=\"Le Peuple de l&#8217;Int\u00e9rieur\">Le Peuple de l&#8217;Int\u00e9rieur<\/a><\/h2><\/header><\/div><div class=\"eael-entry-media\"><div class=\"eael-entry-overlay fade-in\"><i class=\"fas fa-long-arrow-alt-right\" aria-hidden=\"true\"><\/i><a href=\"https:\/\/www.photolivres.fr\/index.php\/livres\/le-peuple-de-linterieur\/\"><\/a><\/div><div class=\"eael-entry-thumbnail \">\n                <img decoding=\"async\" width=\"225\" height=\"300\" src=\"https:\/\/www.photolivres.fr\/wp-content\/uploads\/2026\/04\/Capture-decran-2026-04-14-a-12.11.28-225x300.png\" class=\"attachment-medium size-medium wp-image-211\" alt=\"\" srcset=\"https:\/\/www.photolivres.fr\/wp-content\/uploads\/2026\/04\/Capture-decran-2026-04-14-a-12.11.28-225x300.png 225w, https:\/\/www.photolivres.fr\/wp-content\/uploads\/2026\/04\/Capture-decran-2026-04-14-a-12.11.28.png 712w\" sizes=\"(max-width: 225px) 100vw, 225px\" \/>\n            <\/div>\n        <\/div><\/div>\n        <\/div>\n    <\/article><\/div>\n            <div class=\"clearfix\"><\/div>\n        <\/div>\t\t\t\t<\/div>\n\t\t\t\t\t<\/div>\n\t\t\t\t<\/div>\n\t\t\t\t<\/div>\n\t\t","protected":false},"excerpt":{"rendered":"<p>BIBLIOTH\u00c8QUE La Biblioth\u00e8que g\u00e9n\u00e9rale de LA PHOTO PAR LES LIVRES se veut ouverte, contemporaine, \u00e9quilibr\u00e9e, vari\u00e9e, inclusive et internationale. Elle\u00a0 [&hellip;]<\/p>\n","protected":false},"author":1,"featured_media":0,"parent":0,"menu_order":0,"comment_status":"closed","ping_status":"closed","template":"","meta":{"_acf_changed":false,"_eb_attr":"","site-sidebar-layout":"no-sidebar","site-content-layout":"","ast-site-content-layout":"full-width-container","site-content-style":"default","site-sidebar-style":"default","ast-global-header-display":"","ast-banner-title-visibility":"","ast-main-header-display":"","ast-hfb-above-header-display":"","ast-hfb-below-header-display":"","ast-hfb-mobile-header-display":"","site-post-title":"disabled","ast-breadcrumbs-content":"","ast-featured-img":"disabled","footer-sml-layout":"","ast-disable-related-posts":"","theme-transparent-header-meta":"","adv-header-id-meta":"","stick-header-meta":"","header-above-stick-meta":"","header-main-stick-meta":"","header-below-stick-meta":"","astra-migrate-meta-layouts":"default","ast-page-background-enabled":"default","ast-page-background-meta":{"desktop":{"background-color":"var(--ast-global-color-5)","background-image":"","background-repeat":"repeat","background-position":"center center","background-size":"auto","background-attachment":"scroll","background-type":"","background-media":"","overlay-type":"","overlay-color":"","overlay-opacity":"","overlay-gradient":""},"tablet":{"background-color":"","background-image":"","background-repeat":"repeat","background-position":"center center","background-size":"auto","background-attachment":"scroll","background-type":"","background-media":"","overlay-type":"","overlay-color":"","overlay-opacity":"","overlay-gradient":""},"mobile":{"background-color":"","background-image":"","background-repeat":"repeat","background-position":"center center","background-size":"auto","background-attachment":"scroll","background-type":"","background-media":"","overlay-type":"","overlay-color":"","overlay-opacity":"","overlay-gradient":""}},"ast-content-background-meta":{"desktop":{"background-color":"var(--ast-global-color-4)","background-image":"","background-repeat":"repeat","background-position":"center center","background-size":"auto","background-attachment":"scroll","background-type":"","background-media":"","overlay-type":"","overlay-color":"","overlay-opacity":"","overlay-gradient":""},"tablet":{"background-color":"var(--ast-global-color-4)","background-image":"","background-repeat":"repeat","background-position":"center center","background-size":"auto","background-attachment":"scroll","background-type":"","background-media":"","overlay-type":"","overlay-color":"","overlay-opacity":"","overlay-gradient":""},"mobile":{"background-color":"var(--ast-global-color-4)","background-image":"","background-repeat":"repeat","background-position":"center center","background-size":"auto","background-attachment":"scroll","background-type":"","background-media":"","overlay-type":"","overlay-color":"","overlay-opacity":"","overlay-gradient":""}},"footnotes":""},"class_list":["post-164","page","type-page","status-publish","hentry"],"acf":[],"_links":{"self":[{"href":"https:\/\/www.photolivres.fr\/index.php\/wp-json\/wp\/v2\/pages\/164","targetHints":{"allow":["GET"]}}],"collection":[{"href":"https:\/\/www.photolivres.fr\/index.php\/wp-json\/wp\/v2\/pages"}],"about":[{"href":"https:\/\/www.photolivres.fr\/index.php\/wp-json\/wp\/v2\/types\/page"}],"author":[{"embeddable":true,"href":"https:\/\/www.photolivres.fr\/index.php\/wp-json\/wp\/v2\/users\/1"}],"replies":[{"embeddable":true,"href":"https:\/\/www.photolivres.fr\/index.php\/wp-json\/wp\/v2\/comments?post=164"}],"version-history":[{"count":10,"href":"https:\/\/www.photolivres.fr\/index.php\/wp-json\/wp\/v2\/pages\/164\/revisions"}],"predecessor-version":[{"id":226,"href":"https:\/\/www.photolivres.fr\/index.php\/wp-json\/wp\/v2\/pages\/164\/revisions\/226"}],"wp:attachment":[{"href":"https:\/\/www.photolivres.fr\/index.php\/wp-json\/wp\/v2\/media?parent=164"}],"curies":[{"name":"wp","href":"https:\/\/api.w.org\/{rel}","templated":true}]}}